{"id":3659,"date":"2020-06-28T16:13:16","date_gmt":"2020-06-28T16:13:16","guid":{"rendered":"https:\/\/essentials.pixfort.com\/original\/?page_id=3659"},"modified":"2022-06-14T16:46:02","modified_gmt":"2022-06-14T16:46:02","slug":"politicas-de-privacidad","status":"publish","type":"page","link":"https:\/\/protienda.com.ar\/index.php\/politicas-de-privacidad\/","title":{"rendered":"Pol\u00edticas De Privacidad"},"content":{"rendered":"\t\t<div data-elementor-type=\"wp-page\" data-elementor-id=\"3659\" class=\"elementor elementor-3659\">\n\t\t\t\t\t\t\t\t\t<section class=\"elementor-section elementor-top-section elementor-element elementor-element-340cd949 elementor-section-boxed elementor-section-height-default elementor-section-height-default\" data-id=\"340cd949\" data-element_type=\"section\">\n\t\t\t\t\t\t<div class=\"elementor-container elementor-column-gap-default\">\n\t\t\t\t\t<div class=\"elementor-column elementor-col-100 elementor-top-column elementor-element elementor-element-9241220\" data-id=\"9241220\" data-element_type=\"column\">\n\t\t\t<div class=\"elementor-widget-wrap elementor-element-populated\">\n\t\t\t\t\t\t\t\t<div class=\"elementor-element elementor-element-c7cb46a elementor-widget elementor-widget-text-editor\" data-id=\"c7cb46a\" data-element_type=\"widget\" data-widget_type=\"text-editor.default\">\n\t\t\t\t<div class=\"elementor-widget-container\">\n\t\t\t<style>\/*! elementor - v3.7.8 - 02-10-2022 *\/\n.elementor-widget-text-editor.elementor-drop-cap-view-stacked .elementor-drop-cap{background-color:#818a91;color:#fff}.elementor-widget-text-editor.elementor-drop-cap-view-framed .elementor-drop-cap{color:#818a91;border:3px solid;background-color:transparent}.elementor-widget-text-editor:not(.elementor-drop-cap-view-default) .elementor-drop-cap{margin-top:8px}.elementor-widget-text-editor:not(.elementor-drop-cap-view-default) .elementor-drop-cap-letter{width:1em;height:1em}.elementor-widget-text-editor .elementor-drop-cap{float:left;text-align:center;line-height:1;font-size:50px}.elementor-widget-text-editor .elementor-drop-cap-letter{display:inline-block}<\/style>\t\t\t\t<section class=\"section\"><div class=\"container\"><div class=\"section__heading\"><h2 class=\"section__title\">POL\u00cdTICAS DE PRIVACIDAD<\/h2><\/div><article class=\"terms\"><div class=\"terms__content\"><h3>1. POL\u00cdTICAS DE PRIVACIDAD<\/h3><p>1.1 La presente Pol\u00edtica de Privacidad (en adelante la \u201cPol\u00edtica de Privacidad\u201d) se integra con los T\u00e9rminos y Condiciones disponibles en www.protienda.com y se aplicar\u00e1n a los Usuarios del Sitio, est\u00e9n o no debidamente registrados. Las definiciones utilizadas en los T\u00e9rminos y Condiciones subsistir\u00e1n y ser\u00e1n aplicable en las presente Pol\u00edticas de Privacidad.<\/p><p>1.2 La Empresa podr\u00e1 modificar la Pol\u00edtica de Privacidad en cualquier momento. Las nuevas versiones de la Pol\u00edtica de Privacidad ser\u00e1n notificadas previamente a su entrada en vigencia mediante: (i) publicaci\u00f3n de dicha nueva versi\u00f3n en www.protienda.com.ar, y\/o (ii) por mensaje de correo electr\u00f3nico dirigido al Usuario con un enlace a www.protienda.com.ar<\/p><p>1.3 El Usuario acepta que ser\u00e1 dado por notificado de cualquier modificaci\u00f3n a la Pol\u00edtica de Privacidad una vez que la Empresa hubiera publicado las mismas en www.protienda.com.ar y que la continuaci\u00f3n del Usuario en el uso de los Servicios una vez publicada dicha nueva versi\u00f3n se considerar\u00e1 como aceptaci\u00f3n de dichas modificaciones a la Pol\u00edtica de Privacidad. En consecuencia, el Usuario acepta: (i) chequear www.protienda.com.ar peri\u00f3dicamente; y (ii) leer cualquier mensaje de correo electr\u00f3nico que sea enviado por la Empresa con cualquier modificaci\u00f3n o nueva versi\u00f3n.<\/p><h3>2. RECOLECCI\u00d3N DE INFORMACI\u00d3N DE LOS USUARIOS<\/h3><p>2.1 El Usuario reconoce y acepta que la Empresa pueda recolectar informaci\u00f3n acerca de los Usuarios al momento de registrarse en el Sitio, tales como su nombre, apellido y correo electr\u00f3nico, como as\u00ed tambi\u00e9n de aquellas personas que escriban a administracion@gmail.com o que completen nuestras encuestas en el Sitio (en adelante los \u201cDatos\u201d). Los Datos ser\u00e1n almacenados en una base de datos de propiedad de la Empresa y ser\u00e1 tratada en forma confidencial y con las debidas medidas de seguridad que se detallar\u00e1n m\u00e1s adelante.<\/p><p>2.2 La Empresa no almacenar\u00e1 ni recopilar\u00e1 la informaci\u00f3n y datos de los medios de pago de los Usuarios como ser los n\u00fameros de las tarjetas de cr\u00e9dito o cuentas bancarias, etc. Dicha informaci\u00f3n ser\u00e1 almacenada y\/o recopilada por Gateways de pago externos provistos por otras compa\u00f1\u00edas, de acuerdo a lo establecido en los T\u00e9rminos y Condiciones, no teniendo la Empresa acceso a la misma o a dichos servidores en donde se encuentran almacenados. En tal sentido, la Empresa no se hace responsable de ning\u00fan da\u00f1o o perjuicio que pueda ocurrir al momento de realizar pagos o transacciones a trav\u00e9s de dichos proveedores.<\/p><h3>3. FINALIDAD DE LOS DATOS<\/h3><p>3.1 Los Datos suministrados por el Usuario y recolectados de conformidad con lo establecido en las presentes Pol\u00edticas de Privacidad ser\u00e1n utilizados con la siguiente finalidad:<\/p><div class=\"terms__sub\"><p>1. Identificaci\u00f3n del Usuario;<\/p><p>2. Facturaci\u00f3n y cobro del servicio contratado;<\/p><p>3. Posibilidad de dar acceso al Servicio;<\/p><p>4. Poder contar con un tel\u00e9fono o direcci\u00f3n de correo electr\u00f3nico para contactarse con el Usuario con motivo de la utilizaci\u00f3n de los Servicios;<\/p><p>5. Env\u00edo de informaci\u00f3n promocional de productos o servicios de la Empresa, a trav\u00e9s del env\u00edo de Newsletters. En dicho caso, si el Usuario lo deseara, podr\u00e1 solicitar que se lo elimine de las listas para el env\u00edo de informaci\u00f3n promocional o publicitaria;<\/p><\/div><p>3.2 Adicionalmente, la informaci\u00f3n que provea el Usuario y que la Empresa recolecte directamente en nombre de dicho Usuario, podr\u00e1 ser utilizada por la Empresa para el intercambio de datos entre clientes del Usuario y otros Usuarios a los fines de brindar los Servicios con una mayor eficacia.<\/p><p>3.3 Como parte del proceso de venta a trav\u00e9s de la Tienda, los Usuarios recibir\u00e1n informaci\u00f3n de sus clientes. Al registrarse en el Sitio y aceptar los T\u00e9rminos y Condiciones, los Usuarios estar\u00e1n prestando su consentimiento expreso para que la informaci\u00f3n brindada por la Empresa a los Usuarios sea \u00fanicamente utilizada con el fin de ofrecer sus productos o servicios a sus clientes y a otros Usuarios.<\/p><p>3.4 La Empresa podr\u00e1 compartir la informaci\u00f3n con otras empresas de servicios o sitios de internet dedicados a la evaluaci\u00f3n de las conductas de los Usuarios de internet o similares a los fines de mejorar la calidad de los servicios de la Empresa. Generalmente dichas empresas o sitios de internet poseen sus propias pol\u00edticas de privacidad de datos a los fines de su protecci\u00f3n. De todas maneras la Empresa empe\u00f1ar\u00e1 sus mejores esfuerzos en que la privacidad de la informaci\u00f3n compartida sea protegida de la mejor manera posible. Sin perjuicio de ello, la Empresa no ser\u00e1 responsable por los da\u00f1os provocados por tales empresas y\/o sitios de internet en cuanto a su deber de protecci\u00f3n, confidencialidad y privacidad de los datos que ellas manejan. Cada uno de estos servicios de terceros cuentan con sus propias pol\u00edticas de privacidad y proveen, en los casos que se encuentre disponible, un m\u00e9todo con el que Usuario podr\u00e1 hacer un opt-out.<\/p><p>3.5 La Empresa utilizar\u00e1 los Datos provistos por el Usuario, y la recolectada por la Empresa conforme a lo establecido en las Pol\u00edticas de Privacidad, y no la divulgar\u00e1 salvo que sea solicitada por tribunales, u organismos estatales nacionales o internacionales que as\u00ed lo requieran y lo soliciten en la forma correspondiente.<\/p><p>3.6 La Empresa no estar\u00e1 obligado a retener la informaci\u00f3n durante ning\u00fan plazo establecido y dispondr\u00e1 la eliminaci\u00f3n de la misma cuando lo juzgue conveniente.<\/p><p>3.7 La Empresa podr\u00e1 contener enlaces a otros sitios de internet que no sean propiedad de la Empresa. En consecuencia la Empresa no ser\u00e1 responsable por el actuar de dichos sitios de internet, a los cuales no se aplicar\u00e1 la presente Pol\u00edtica de Privacidad. Recomendamos examinar la pol\u00edtica de privacidad detallada en aquellos sitios de internet para entender los procedimientos de recolecci\u00f3n de informaci\u00f3n que utilizan y como protegen sus datos personales.<\/p><p>3.8 La Empresa es propietaria de todas las bases de datos y dispositivos de almacenamiento, as\u00ed como tambi\u00e9n del software que desarrolla. Sin embargo, la Empresa no es due\u00f1a de la informaci\u00f3n que los Usuarios almacenan en su Sitio y\/o que reciben como parte de sus ventas. Los Usuarios tienen todos los derechos sobre dicha informaci\u00f3n.<\/p><h3>4. MENORES DE EDAD<\/h3><p>4.1 El Sitio y\/o los Servicios est\u00e1n permitidos s\u00f3lo a quienes tengan edad legal para contratar y no se encuentren inhibidos legalmente o de alg\u00fan modo vedados de ejercer actos jur\u00eddicos, derechos y\/u obligaciones. Habida cuenta de ello, los menores de 18 a\u00f1os no tienen permitido el ingreso al Sitio y\/o los Servicios ni el suministro de ning\u00fan dato personal u otro tipo de informaci\u00f3n.<\/p><h3>5. CONFIDENCIALIDAD Y SEGURIDAD DE LA INFORMACI\u00d3N<\/h3><p>5.1 La Empresa ha adoptado medidas de seguridad razonables para proteger la informaci\u00f3n de los Usuarios, e impedir el acceso no autorizado a sus datos o cualquier modificaci\u00f3n, divulgaci\u00f3n o destrucci\u00f3n no autorizada de los mismos. La informaci\u00f3n recolectada por la Empresa ser\u00e1 mantenida de manera estrictamente confidencial. El acceso a los datos personales est\u00e1 restringido a aquellos empleados, contratistas y representantes de la Empresa que necesitan conocer tales datos para desempe\u00f1ar sus funciones y desarrollar o mejorar nuestros servicios. La Empresa exige a sus proveedores los mismos est\u00e1ndares de confidencialidad. La Empresa no permite el acceso a esta informaci\u00f3n a terceros ajenos a la Empresa, a excepci\u00f3n de un pedido expreso del Usuario.<\/p><p>5.2 La seguridad de los datos de los Usuarios es importante para la Empresa. La Empresa utiliza software espec\u00edfico para proteger los datos brindados por los Usuarios y la informaci\u00f3n recabada por la Empresa mediante protocolo SSL para encriptar las comunicaciones y encriptaci\u00f3n bcrypt para almacenar las contrase\u00f1as en la base de datos.<\/p><h3>6. CESI\u00d3N DE LOS DATOS<\/h3><p>6.1 La Empresa no vender\u00e1, alquilar\u00e1 ni compartir\u00e1 los Datos de los Usuarios salvo aquellos casos expresamente previstos en las Pol\u00edticas de Privacidad. No obstante ello, el Usuario presta su expresa conformidad para que la Empresa transfiera total o parcialmente los datos del Usuario a cualquiera de sus sociedades controladas, controlantes y\/o vinculadas con la Empresa.<\/p><h3>7. COOKIES<\/h3><p>7.1 El Usuario reconoce y acepta que el Sitio podr\u00e1 utilizar cookies para brindar a los Usuarios un servicio m\u00e1s completo, recordando sus preferencias. La informaci\u00f3n que recopile la Empresa podr\u00e1 incluir el comportamiento de navegaci\u00f3n, direcci\u00f3n IP, logs, y otros tipos de informaci\u00f3n. Sin embargo, la Empresa no recolectar\u00e1 informaci\u00f3n personal identificable de manera directa de ning\u00fan Usuario usando cookies o tags. Un cookie es un peque\u00f1o archivo de texto mediante el cual se puede identificar en forma exclusiva un navegador de internet, y que suele ser instalado, enviado o escrito en el ordenador de los Usuarios de internet, cuando los mismos ingresan a determinados sitios de internet, a efectos de obtener autom\u00e1ticamente informaci\u00f3n acerca de la conducta de los Usuarios cuando navegan por dichos sitios de internet. Un archivo cookie generalmente contendr\u00e1 el nombre del dominio desde donde la cookie ha sido transferida, la fecha de creaci\u00f3n, y un c\u00f3digo de identificaci\u00f3n. La \u00fanica informaci\u00f3n personal que un cookie puede contener es informaci\u00f3n que el Usuario mismo suministra con su navegaci\u00f3n por internet, tales como la direcci\u00f3n de IP, las p\u00e1ginas visitadas y en qu\u00e9 orden, el tiempo de permanencia en cada p\u00e1gina, la fecha y la hora, etc. (la \u201cInformaci\u00f3n de Actividad\u201d). Un cookie no puede leer datos del disco duro del Usuario ni leer los archivos cookie creados por otros sitios de internet.<\/p><p>7.2 La mayor\u00eda de los navegadores est\u00e1n configurados para aceptar cookies, pero los Usuarios podr\u00e1n reconfigurar su navegador de internet para rechazar todas las cookies o para que el sistema le indique en qu\u00e9 momento se env\u00eda una. Sin embargo, si las cookies est\u00e1n inhabilitadas, es posible que algunas caracter\u00edsticas y servicios de los sitios de internet no funcionen de manera adecuada.<\/p><p>7.3 Los Usuarios podr\u00e1n optar por que su navegador de internet no sea identificado por los Servicios. En tal caso, el Usuario deber\u00e1 acudir a la secci\u00f3n de ayuda de su navegador.<\/p><p>7.4 La empresa hace uso de caracter\u00edsticas de Google Analytics tales como remarketing o los informes de impresiones de la Red de Display de Google, pero no limitadas a \u00e9stas. Los visitantes pueden inhabilitar Google Analytics para la publicidad de display y personalizar los anuncios de la Red de Display de Google mediante la\u00a0Configuraci\u00f3n de anuncios. El usuario tambi\u00e9n puede hacer uso del\u00a0complemento de inhabilitaci\u00f3n para navegadores de Google Analytics.<\/p><p>7.5 La empresa utiliza la funci\u00f3n de remarketing con Google Analytics para publicar anuncios online. Otros proveedores, incluido Google, muestran sus anuncios en sitios de Internet. La empresa y otros proveedores, incluido Google, usan las cookies de origen (como la cookie de Google Analytics) y las cookies de terceros (como la cookie de DoubleClick) combinadas para informar, optimizar y publicar anuncios bas\u00e1ndose en las visitas anteriores al sitio web.<\/p><p>7.6 La empresa y otros proveedores, incluido Google, usan las cookies de origen (como la cookie de Google Analytics) y las cookies de terceros (como la cookie de DoubleClick) combinadas para informar sobre c\u00f3mo se relacionan con las visitas al sitio las impresiones de los anuncios, otros usos de los servicios publicitarios y las interacciones con estas impresiones de los anuncios y servicios publicitarios.<\/p><h3>8. DERECHO AL ACCESO, CANCELACI\u00d3N Y RECTIFICACI\u00d3N DE LOS DATOS<\/h3><p>8.1 Los usuarios tendr\u00e1n derecho a hacer uso responsable de su cuenta en el sitio web. En cualquier momento, el Usuario podr\u00e1 solicitar la baja como Usuario y la eliminaci\u00f3n de su cuenta e informaci\u00f3n de la base de datos de la Empresa, como as\u00ed tambi\u00e9n acceder y actualizar a sus datos personales. Para aquellos Usuarios residentes en Argentina, el titular de los datos personales tiene la facultad de ejercer el derecho de acceso a los mismos en forma gratuita a intervalos no inferiores a seis meses, salvo que se acredite un inter\u00e9s leg\u00edtimo al efecto conforme lo establecido en el art\u00edculo 14, inciso 3 de la Ley N\u00ba 25.326 de la Republica Argentina. La autoridad de aplicaci\u00f3n (en Argentina, la Direcci\u00f3n Nacional de Protecci\u00f3n de Datos Personales, \u00d3rgano de Control de la Ley N\u00ba 25.326), tiene la atribuci\u00f3n de atender las denuncias y reclamos que se interpongan con relaci\u00f3n al incumplimiento de las Normas sobre protecci\u00f3n de datos personales.<\/p><p>8.2 A dichos efectos, el Usuario deber\u00e1 enviar su Solicitud mediante el env\u00edo de un correo electr\u00f3nico con el asunto \u201cAcceso a Datos Personales\u201d a info.protienda@gmail.com. La Empresa podr\u00e1 requerir a dicho Usuario que se identifique, lo que podr\u00e1 ser verificado por la Empresa, as\u00ed como que precise los datos personales a los cuales desean acceder, rectificar o remover.<\/p><h3>9. CONTACTO<\/h3><p>9.1 En caso que el Usuario tenga alguna duda acerca de la Pol\u00edtica de Privacidad, o sobre la aplicaci\u00f3n de la misma, deber\u00e1 ponerse en contacto con la Empresa, en cualquier momento, v\u00eda correo electr\u00f3nico a info.protienda@gmail.com.<\/p><\/div><\/article><\/div><\/section><footer class=\"footer\"><div class=\"container\"><div class=\"footer__top\">\u00a0<\/div><div class=\"footer__bottom\"><div class=\"footer__bottom-left\">\u00a0<\/div><\/div><\/div><\/footer>\t\t\t\t\t\t<\/div>\n\t\t\t\t<\/div>\n\t\t\t\t\t<\/div>\n\t\t<\/div>\n\t\t\t\t\t\t\t<\/div>\n\t\t<\/section>\n\t\t\t\t\t\t\t<\/div>\n\t\t","protected":false},"excerpt":{"rendered":"<p>POL\u00cdTICAS DE PRIVACIDAD 1. POL\u00cdTICAS DE PRIVACIDAD 1.1 La presente Pol\u00edtica de Privacidad (en adelante la \u201cPol\u00edtica de Privacidad\u201d) se integra con los T\u00e9rminos y Condiciones disponibles en www.protienda.com y se aplicar\u00e1n a los Usuarios del Sitio, est\u00e9n o no&#8230;<\/p>\n","protected":false},"author":1,"featured_media":0,"parent":0,"menu_order":0,"comment_status":"closed","ping_status":"closed","template":"","meta":{"_jf_save_progress":""},"_links":{"self":[{"href":"https:\/\/protienda.com.ar\/index.php\/wp-json\/wp\/v2\/pages\/3659"}],"collection":[{"href":"https:\/\/protienda.com.ar\/index.php\/wp-json\/wp\/v2\/pages"}],"about":[{"href":"https:\/\/protienda.com.ar\/index.php\/wp-json\/wp\/v2\/types\/page"}],"author":[{"embeddable":true,"href":"https:\/\/protienda.com.ar\/index.php\/wp-json\/wp\/v2\/users\/1"}],"replies":[{"embeddable":true,"href":"https:\/\/protienda.com.ar\/index.php\/wp-json\/wp\/v2\/comments?post=3659"}],"version-history":[{"count":4,"href":"https:\/\/protienda.com.ar\/index.php\/wp-json\/wp\/v2\/pages\/3659\/revisions"}],"predecessor-version":[{"id":14165,"href":"https:\/\/protienda.com.ar\/index.php\/wp-json\/wp\/v2\/pages\/3659\/revisions\/14165"}],"wp:attachment":[{"href":"https:\/\/protienda.com.ar\/index.php\/wp-json\/wp\/v2\/media?parent=3659"}],"curies":[{"name":"wp","href":"https:\/\/api.w.org\/{rel}","templated":true}]}}